{"id":58,"date":"2019-02-23T13:10:34","date_gmt":"2019-02-23T12:10:34","guid":{"rendered":"http:\/\/www.paulus-mainz.de\/?page_id=58"},"modified":"2025-10-25T17:26:54","modified_gmt":"2025-10-25T15:26:54","slug":"ueber-uns","status":"publish","type":"page","link":"https:\/\/www.paulus-mainz.de\/?page_id=58","title":{"rendered":"Die S\u00e4ngerschaft"},"content":{"rendered":"\n<p>Was haben Konrad Adenauer und Karl Marx gemeinsam? Die Antwort lautet: Sie waren beide Mitglieder einer Studentenverbindung! Eine Verbindung ist ein auf bestimmten Prinzipien gr\u00fcndender Zusammenschluss von Studenten und ehemaligen Studenten an einem Universit\u00e4tsstandort. Nicht selten k\u00f6nnen Verbindungen eine lange Tradition von zum Teil \u00fcber 150 Jahren vorweisen. Vielen werden die Burschenschaften als eine spezifische Form studentischer Korporationen (synonym f\u00fcr Verbindungen) noch aus dem Geschichtsunterricht ein Begriff sein. Man denke an die Zeit des Vorm\u00e4rz, das Wartburg- und das Hambacher Fest, sowie die Karlsbader Beschl\u00fcsse.<\/p>\n\n\n\n<p>Das heutige Bild von Studentenverbindungen in der \u00d6ffentlichkeit ist ambivalent: Gelten Sie den einen als Orte der Geselligkeit, des Frohsinns und des Gedankenaustausches in einer zunehmend anonymeren akademischen Welt, sind sie f\u00fcr die anderen Horte elit\u00e4ren Standesd\u00fcnkels, alkoholschwangeren Chauvinismus\u2019 und farblosen Konformismus\u2019.<\/p>\n\n\n\n<p>Wir laden Sie und euch ein, sich ein eigenes Bild von unserer Gemeinschaft, der Leipziger Universit\u00e4tss\u00e4ngerschaft zu St. Pauli in Mainz, zu machen. Ihre Wurzeln reichen ins Jahr 1822 zur\u00fcck. Trotz ihres Alters pr\u00e4sentiert sie sich aber als eine liberale und weltoffene S\u00e4ngerschaft &#8211; seit 1953 mit st\u00e4ndigem Sitz in Mainz-Gonsenheim, ganz in der N\u00e4he des Naturschutzgebietes Gro\u00dfer Sand und des Gonsenheimer Waldes.<\/p>\n\n\n<p><!--EndFragment--><\/p>\n\n\n<p>Der Paulus wird von vier S\u00e4ulen getragen: der Aktivitas, dem Verband der Alter Pauliner (VAP), dem die Alten Herren angeh\u00f6ren, den Chordamen, also den aktiven Chors\u00e4ngerinnen, und dem Freundeskreis Pauliner Chordamen (FPC), welcher sich aus ehemaligen Chordamen und Damen sowie Herren, die sich dem Paulus besonders verbunden f\u00fchlen, zusammensetzt.<\/p>\n\n\n\n<p>Zudem unterh\u00e4lt der Verein Paulinerheim (VPH) das Verbindungshaus in Gonsenheim, in welchem neben den Chorproben und Konzerten auch das Aktivenleben stattfindet. Zuletzt hat sich ein F\u00f6rderverein f\u00fcr den Paulinerchor gegr\u00fcndet, um den Chor zu unterst\u00fctzen, sei es beim Kauf von Chorliteratur oder der Instandhaltung des Klaviers.<\/p>\n\n\n\n<p><\/p>\n","protected":false},"excerpt":{"rendered":"<p>Was haben Konrad Adenauer und Karl Marx gemeinsam? Die Antwort lautet: Sie waren beide Mitglieder einer Studentenverbindung! Eine Verbindung ist ein auf bestimmten Prinzipien gr\u00fcndender Zusammenschluss von Studenten und ehemaligen Studenten an einem Universit\u00e4tsstandort. Nicht selten k\u00f6nnen Verbindungen eine lange Tradition von zum Teil \u00fcber 150 Jahren vorweisen. Vielen werden die Burschenschaften als eine spezifische&hellip;&nbsp;<a href=\"https:\/\/www.paulus-mainz.de\/?page_id=58\" rel=\"bookmark\">Weiterlesen &raquo;<span class=\"screen-reader-text\">Die S\u00e4ngerschaft<\/span><\/a><\/p>\n","protected":false},"author":1,"featured_media":0,"parent":0,"menu_order":0,"comment_status":"closed","ping_status":"closed","template":"","meta":{"neve_meta_sidebar":"","neve_meta_container":"","neve_meta_enable_content_width":"","neve_meta_content_width":70,"neve_meta_title_alignment":"","neve_meta_author_avatar":"","neve_post_elements_order":"","neve_meta_disable_header":"","neve_meta_disable_footer":"","neve_meta_disable_title":"","footnotes":""},"class_list":["post-58","page","type-page","status-publish","hentry"],"_links":{"self":[{"href":"https:\/\/www.paulus-mainz.de\/index.php?rest_route=\/wp\/v2\/pages\/58","targetHints":{"allow":["GET"]}}],"collection":[{"href":"https:\/\/www.paulus-mainz.de\/index.php?rest_route=\/wp\/v2\/pages"}],"about":[{"href":"https:\/\/www.paulus-mainz.de\/index.php?rest_route=\/wp\/v2\/types\/page"}],"author":[{"embeddable":true,"href":"https:\/\/www.paulus-mainz.de\/index.php?rest_route=\/wp\/v2\/users\/1"}],"replies":[{"embeddable":true,"href":"https:\/\/www.paulus-mainz.de\/index.php?rest_route=%2Fwp%2Fv2%2Fcomments&post=58"}],"version-history":[{"count":7,"href":"https:\/\/www.paulus-mainz.de\/index.php?rest_route=\/wp\/v2\/pages\/58\/revisions"}],"predecessor-version":[{"id":589,"href":"https:\/\/www.paulus-mainz.de\/index.php?rest_route=\/wp\/v2\/pages\/58\/revisions\/589"}],"wp:attachment":[{"href":"https:\/\/www.paulus-mainz.de\/index.php?rest_route=%2Fwp%2Fv2%2Fmedia&parent=58"}],"curies":[{"name":"wp","href":"https:\/\/api.w.org\/{rel}","templated":true}]}}