{"id":440,"date":"2021-04-07T17:31:57","date_gmt":"2021-04-07T15:31:57","guid":{"rendered":"https:\/\/www.paulus-mainz.de\/?page_id=440"},"modified":"2025-04-21T13:53:49","modified_gmt":"2025-04-21T11:53:49","slug":"zimmer-frei","status":"publish","type":"page","link":"https:\/\/www.paulus-mainz.de\/?page_id=440","title":{"rendered":"Zimmer frei!"},"content":{"rendered":"\t\t<div data-elementor-type=\"wp-page\" data-elementor-id=\"440\" class=\"elementor elementor-440\">\n\t\t\t\t\t\t<section class=\"elementor-section elementor-top-section elementor-element elementor-element-406b5eae elementor-section-boxed elementor-section-height-default elementor-section-height-default\" data-id=\"406b5eae\" data-element_type=\"section\">\n\t\t\t\t\t\t<div class=\"elementor-container elementor-column-gap-default\">\n\t\t\t\t\t<div class=\"elementor-column elementor-col-100 elementor-top-column elementor-element elementor-element-47317506\" data-id=\"47317506\" data-element_type=\"column\">\n\t\t\t<div class=\"elementor-widget-wrap elementor-element-populated\">\n\t\t\t\t\t\t<div class=\"elementor-element elementor-element-4ca0249a elementor-widget elementor-widget-text-editor\" data-id=\"4ca0249a\" data-element_type=\"widget\" data-widget_type=\"text-editor.default\">\n\t\t\t\t<div class=\"elementor-widget-container\">\n\t\t\t\t\t\t\t\t\t<p>18-m\u00b2-Zimmer mit Bad in Neubau in Mainz-Gonsenheim an Studentinnen und Studenten zu vermieten!<br>Moderne, m\u00f6blierte, teilweise barrierefreie Zimmer, 18 m\u00b2, jeweils mit Bad, in Neubau in Mainz-Gonsenheim von musikalischer Studentenverbindung mit eigenem Chor an Studentinnen und Studenten zu vermieten. Miete: rund 400 Euro. Das Haus hat eine Dachterrasse, einen Garten, mehrere Gemeinschaftsr\u00e4ume, einen Proberaum f\u00fcr Musiker und eine Bar mit Theke. Parkpl\u00e4tze sind vorhanden. Die Uni ist mit Fahrrad und Bus in wenigen Minuten zu erreichen, Einkaufsm\u00f6glichkeiten und ein Naherholungsgebiet sind gleich nebenan.<br>Kontakt: xxx@paulus-mainz.de.<\/p>\t\t\t\t\t\t\t\t<\/div>\n\t\t\t\t<\/div>\n\t\t\t\t<div class=\"elementor-element elementor-element-af58eca elementor-arrows-position-inside elementor-pagination-position-outside elementor-widget elementor-widget-image-carousel\" data-id=\"af58eca\" data-element_type=\"widget\" data-settings=\"{&quot;slides_to_show&quot;:&quot;1&quot;,&quot;navigation&quot;:&quot;both&quot;,&quot;autoplay&quot;:&quot;yes&quot;,&quot;pause_on_hover&quot;:&quot;yes&quot;,&quot;pause_on_interaction&quot;:&quot;yes&quot;,&quot;autoplay_speed&quot;:5000,&quot;infinite&quot;:&quot;yes&quot;,&quot;effect&quot;:&quot;slide&quot;,&quot;speed&quot;:500}\" data-widget_type=\"image-carousel.default\">\n\t\t\t\t<div class=\"elementor-widget-container\">\n\t\t\t\t\t\t\t<div class=\"elementor-image-carousel-wrapper swiper\" role=\"region\" aria-roledescription=\"carousel\" aria-label=\"Bild Karussell\" dir=\"ltr\">\n\t\t\t<div class=\"elementor-image-carousel swiper-wrapper\" aria-live=\"off\">\n\t\t\t\t\t\t\t\t<div class=\"swiper-slide\" role=\"group\" aria-roledescription=\"slide\" aria-label=\"1 von 7\"><figure class=\"swiper-slide-inner\"><img decoding=\"async\" class=\"swiper-slide-image\" src=\"https:\/\/www.paulus-mainz.de\/wp-content\/uploads\/2021\/04\/Neubau_Ansicht_Zimmer-1_20210406-768x1024.jpg\" alt=\"Innenraum: Studentenzimmer  - April 2021\" \/><figcaption class=\"elementor-image-carousel-caption\">Innenraum: Studentenzimmer  - April 2021<\/figcaption><\/figure><\/div><div class=\"swiper-slide\" role=\"group\" aria-roledescription=\"slide\" aria-label=\"2 von 7\"><figure class=\"swiper-slide-inner\"><img decoding=\"async\" class=\"swiper-slide-image\" src=\"https:\/\/www.paulus-mainz.de\/wp-content\/uploads\/2021\/04\/Neubau_Ansicht_Aussen_20210406-1024x768.jpg\" alt=\"Seitenansich Neubau - April 2021\" \/><figcaption class=\"elementor-image-carousel-caption\">Seitenansich Neubau - April 2021<\/figcaption><\/figure><\/div><div class=\"swiper-slide\" role=\"group\" aria-roledescription=\"slide\" aria-label=\"3 von 7\"><figure class=\"swiper-slide-inner\"><img decoding=\"async\" class=\"swiper-slide-image\" src=\"https:\/\/www.paulus-mainz.de\/wp-content\/uploads\/2021\/04\/Neubau_Ansicht_Bad-1_20210406-768x1024.jpg\" alt=\"Badezimmer 1 - April 2021\" \/><figcaption class=\"elementor-image-carousel-caption\">Badezimmer 1 - April 2021<\/figcaption><\/figure><\/div><div class=\"swiper-slide\" role=\"group\" aria-roledescription=\"slide\" aria-label=\"4 von 7\"><figure class=\"swiper-slide-inner\"><img decoding=\"async\" class=\"swiper-slide-image\" src=\"https:\/\/www.paulus-mainz.de\/wp-content\/uploads\/2021\/04\/Neubau_Ansicht_Zimmer-2_20210406-1024x768.jpg\" alt=\"Innenraum Studentenzimmer 2 - April 2021\" \/><figcaption class=\"elementor-image-carousel-caption\">Innenraum Studentenzimmer 2 - April 2021<\/figcaption><\/figure><\/div><div class=\"swiper-slide\" role=\"group\" aria-roledescription=\"slide\" aria-label=\"5 von 7\"><figure class=\"swiper-slide-inner\"><img decoding=\"async\" class=\"swiper-slide-image\" src=\"https:\/\/www.paulus-mainz.de\/wp-content\/uploads\/2021\/04\/Neubau_Ansicht_Aussen_2_20210406-768x1024.jpg\" alt=\"Au\u00dfenansicht 2 - April 2021\" \/><figcaption class=\"elementor-image-carousel-caption\">Au\u00dfenansicht 2 - April 2021<\/figcaption><\/figure><\/div><div class=\"swiper-slide\" role=\"group\" aria-roledescription=\"slide\" aria-label=\"6 von 7\"><figure class=\"swiper-slide-inner\"><img decoding=\"async\" class=\"swiper-slide-image\" src=\"https:\/\/www.paulus-mainz.de\/wp-content\/uploads\/2021\/04\/Neubau_Ansicht_Aussen_3_20210406.jpg\" alt=\"Seitenansicht gesamt - Ende 2020\" \/><figcaption class=\"elementor-image-carousel-caption\">Seitenansicht gesamt - Ende 2020<\/figcaption><\/figure><\/div><div class=\"swiper-slide\" role=\"group\" aria-roledescription=\"slide\" aria-label=\"7 von 7\"><figure class=\"swiper-slide-inner\"><img decoding=\"async\" class=\"swiper-slide-image\" src=\"https:\/\/www.paulus-mainz.de\/wp-content\/uploads\/2021\/04\/Neubau_Ansicht_Bad-2_20210406-768x1024.jpg\" alt=\"Badezimmer 2 - April 2021\" \/><figcaption class=\"elementor-image-carousel-caption\">Badezimmer 2 - April 2021<\/figcaption><\/figure><\/div>\t\t\t<\/div>\n\t\t\t\t\t\t\t\t\t\t\t\t<div class=\"elementor-swiper-button elementor-swiper-button-prev\" role=\"button\" tabindex=\"0\">\n\t\t\t\t\t\t<i aria-hidden=\"true\" class=\"eicon-chevron-left\"><\/i>\t\t\t\t\t<\/div>\n\t\t\t\t\t<div class=\"elementor-swiper-button elementor-swiper-button-next\" role=\"button\" tabindex=\"0\">\n\t\t\t\t\t\t<i aria-hidden=\"true\" class=\"eicon-chevron-right\"><\/i>\t\t\t\t\t<\/div>\n\t\t\t\t\n\t\t\t\t\t\t\t\t\t<div class=\"swiper-pagination\"><\/div>\n\t\t\t\t\t\t\t\t\t<\/div>\n\t\t\t\t\t\t<\/div>\n\t\t\t\t<\/div>\n\t\t\t\t\t<\/div>\n\t\t<\/div>\n\t\t\t\t\t<\/div>\n\t\t<\/section>\n\t\t\t\t<\/div>\n\t\t","protected":false},"excerpt":{"rendered":"<p>18-m\u00b2-Zimmer mit Bad in Neubau in Mainz-Gonsenheim an Studentinnen und Studenten zu vermieten!Moderne, m\u00f6blierte, teilweise barrierefreie Zimmer, 18 m\u00b2, jeweils mit Bad, in Neubau in Mainz-Gonsenheim von musikalischer Studentenverbindung mit eigenem Chor an Studentinnen und Studenten zu vermieten. Miete: rund 400 Euro. Das Haus hat eine Dachterrasse, einen Garten, mehrere Gemeinschaftsr\u00e4ume, einen Proberaum f\u00fcr Musiker&hellip;&nbsp;<a href=\"https:\/\/www.paulus-mainz.de\/?page_id=440\" rel=\"bookmark\">Weiterlesen &raquo;<span class=\"screen-reader-text\">Zimmer frei!<\/span><\/a><\/p>\n","protected":false},"author":1,"featured_media":0,"parent":0,"menu_order":0,"comment_status":"closed","ping_status":"closed","template":"","meta":{"neve_meta_sidebar":"full-width","neve_meta_container":"","neve_meta_enable_content_width":"on","neve_meta_content_width":100,"neve_meta_title_alignment":"","neve_meta_author_avatar":"","neve_post_elements_order":"","neve_meta_disable_header":"","neve_meta_disable_footer":"","neve_meta_disable_title":"","footnotes":""},"class_list":["post-440","page","type-page","status-publish","hentry"],"_links":{"self":[{"href":"https:\/\/www.paulus-mainz.de\/index.php?rest_route=\/wp\/v2\/pages\/440","targetHints":{"allow":["GET"]}}],"collection":[{"href":"https:\/\/www.paulus-mainz.de\/index.php?rest_route=\/wp\/v2\/pages"}],"about":[{"href":"https:\/\/www.paulus-mainz.de\/index.php?rest_route=\/wp\/v2\/types\/page"}],"author":[{"embeddable":true,"href":"https:\/\/www.paulus-mainz.de\/index.php?rest_route=\/wp\/v2\/users\/1"}],"replies":[{"embeddable":true,"href":"https:\/\/www.paulus-mainz.de\/index.php?rest_route=%2Fwp%2Fv2%2Fcomments&post=440"}],"version-history":[{"count":11,"href":"https:\/\/www.paulus-mainz.de\/index.php?rest_route=\/wp\/v2\/pages\/440\/revisions"}],"predecessor-version":[{"id":531,"href":"https:\/\/www.paulus-mainz.de\/index.php?rest_route=\/wp\/v2\/pages\/440\/revisions\/531"}],"wp:attachment":[{"href":"https:\/\/www.paulus-mainz.de\/index.php?rest_route=%2Fwp%2Fv2%2Fmedia&parent=440"}],"curies":[{"name":"wp","href":"https:\/\/api.w.org\/{rel}","templated":true}]}}