{"id":317,"date":"2019-03-13T15:54:50","date_gmt":"2019-03-13T14:54:50","guid":{"rendered":"https:\/\/localhost\/WP\/?page_id=317"},"modified":"2025-10-25T17:27:13","modified_gmt":"2025-10-25T15:27:13","slug":"alte-herren","status":"publish","type":"page","link":"https:\/\/www.paulus-mainz.de\/?page_id=317","title":{"rendered":"Alte Herren"},"content":{"rendered":"\n<p>Wer sein Studium abgeschlossen und eine berufliche T\u00e4tigkeit aufgenommen hat, wird Alter Herr und bleibt es in der Regel bis ans Lebensende. Und so finden sich in den Reihen der Altherrenschaft Pauliner fast jeden Alters, von 29 bis 90 Jahren.<\/p>\n\n\n\n<figure class=\"wp-block-image size-full\"><img fetchpriority=\"high\" decoding=\"async\" width=\"1024\" height=\"768\" src=\"https:\/\/www.paulus-mainz.de\/wp-content\/uploads\/2025\/10\/Alte-Herren-Februar-2024.jpg\" alt=\"\" class=\"wp-image-590\" srcset=\"https:\/\/www.paulus-mainz.de\/wp-content\/uploads\/2025\/10\/Alte-Herren-Februar-2024.jpg 1024w, https:\/\/www.paulus-mainz.de\/wp-content\/uploads\/2025\/10\/Alte-Herren-Februar-2024-768x576.jpg 768w\" sizes=\"(max-width: 1024px) 100vw, 1024px\" \/><\/figure>\n\n\n\n<p>Die Alten Herren unterst\u00fctzen die Aktivitas ideell und materiell, sei es, dass sie Tipps f\u00fcr das Studium haben oder durch ihre Mitgliedsbeitr\u00e4ge f\u00fcr die Instandhaltung unseres Hauses sorgen oder Unternehmungen der Aktivitas finanziell unterst\u00fctzen. Im Paulinerhaus in Gonsenheim finden meisten Veranstaltungen statt, auf denen sich die \u201eJungen\u201c und die \u201eAlten\u201c begegnen, diskutieren, feiern und singen.<\/p>\n\n\n\n<p>Zurzeit geh\u00f6ren der S\u00e4ngerschaft rund 150 Alte Herren an.<\/p>\n\n\n<p><!--EndFragment--><\/p>\n<\/p>","protected":false},"excerpt":{"rendered":"<p>Wer sein Studium abgeschlossen und eine berufliche T\u00e4tigkeit aufgenommen hat, wird Alter Herr und bleibt es in der Regel bis ans Lebensende. Und so finden sich in den Reihen der Altherrenschaft Pauliner fast jeden Alters, von 29 bis 90 Jahren. Die Alten Herren unterst\u00fctzen die Aktivitas ideell und materiell, sei es, dass sie Tipps f\u00fcr&hellip;&nbsp;<a href=\"https:\/\/www.paulus-mainz.de\/?page_id=317\" rel=\"bookmark\">Weiterlesen &raquo;<span class=\"screen-reader-text\">Alte Herren<\/span><\/a><\/p>\n","protected":false},"author":1,"featured_media":0,"parent":0,"menu_order":0,"comment_status":"closed","ping_status":"closed","template":"","meta":{"neve_meta_sidebar":"","neve_meta_container":"","neve_meta_enable_content_width":"","neve_meta_content_width":70,"neve_meta_title_alignment":"","neve_meta_author_avatar":"","neve_post_elements_order":"","neve_meta_disable_header":"","neve_meta_disable_footer":"","neve_meta_disable_title":"","footnotes":""},"class_list":["post-317","page","type-page","status-publish","hentry"],"_links":{"self":[{"href":"https:\/\/www.paulus-mainz.de\/index.php?rest_route=\/wp\/v2\/pages\/317","targetHints":{"allow":["GET"]}}],"collection":[{"href":"https:\/\/www.paulus-mainz.de\/index.php?rest_route=\/wp\/v2\/pages"}],"about":[{"href":"https:\/\/www.paulus-mainz.de\/index.php?rest_route=\/wp\/v2\/types\/page"}],"author":[{"embeddable":true,"href":"https:\/\/www.paulus-mainz.de\/index.php?rest_route=\/wp\/v2\/users\/1"}],"replies":[{"embeddable":true,"href":"https:\/\/www.paulus-mainz.de\/index.php?rest_route=%2Fwp%2Fv2%2Fcomments&post=317"}],"version-history":[{"count":5,"href":"https:\/\/www.paulus-mainz.de\/index.php?rest_route=\/wp\/v2\/pages\/317\/revisions"}],"predecessor-version":[{"id":591,"href":"https:\/\/www.paulus-mainz.de\/index.php?rest_route=\/wp\/v2\/pages\/317\/revisions\/591"}],"wp:attachment":[{"href":"https:\/\/www.paulus-mainz.de\/index.php?rest_route=%2Fwp%2Fv2%2Fmedia&parent=317"}],"curies":[{"name":"wp","href":"https:\/\/api.w.org\/{rel}","templated":true}]}}