{"id":308,"date":"2019-03-13T15:53:19","date_gmt":"2019-03-13T14:53:19","guid":{"rendered":"https:\/\/localhost\/WP\/?page_id=308"},"modified":"2025-07-01T13:22:55","modified_gmt":"2025-07-01T11:22:55","slug":"chordamen","status":"publish","type":"page","link":"https:\/\/www.paulus-mainz.de\/?page_id=308","title":{"rendered":"Chordamen"},"content":{"rendered":"\n<p>Da es sich bei den Paulinern um eine M\u00e4nnerverbindung handelt, k\u00f6nnte man annehmen, dass Damen hier keine Rolle spielen. Weit gefehlt!<\/p>\n\n\n\n<p>Um nicht nur auf M\u00e4nnerchorliteratur angewiesen zu sein und um die musikalische Leistung zu steigern, wurde der Paulinerchor im Wintersemester 1967\/68 probeweise zu einem gemischten Chor erweitert. Die Damen waren zun\u00e4chst Freundinnen, Verlobte oder Bekannte der Aktiven und nahmen vorl\u00e4ufig nur an den Chorproben teil. Mit der Zeit lud man sie aber zu immer mehr Veranstaltungen ein; je mehr es wurden, umso mehr wuchs auch der Einfluss der Damen.<\/p>\n\n\n\n<p>1971 schlossen sich die Damen &#8211; im Einvernehmen mit den Alten Herren und der Aktivitas &#8211; zu den \u201ePauliner-Chordamen\u201c zusammen. Als solche w\u00e4hlen sie bis heute f\u00fcr jedes Semester eine Sprecherin nebst Vertreterin und wirken aktiv an der Gestaltung des Semesterprogramms und diverser Feste mit. Sie selbst laden zu einer Veranstaltung im Semester ein &#8211; der Damenveranstaltung &#8211; einem kulturell und kulinarisch gestalteten Abend, der immer viele Alte Herren, Damen und Aktive auf dem Verbindungshaus zusammenf\u00fchrt.<\/p>\n\n\n\n<p>Da die Damen dem Paulus nicht verpflichtet sind \u2013 sie sind keine Mitglieder \u2013 k\u00f6nnte man meinen, dass die Fluktuation gr\u00f6\u00dfer sei als bei den M\u00e4nnern. Dennoch ist es keine Seltenheit, wenn Damen sieben, acht oder mehr Semester mitsingen. Pers\u00f6nliche Bindungen und die Freude am gemeinsamen Singen und den musikalischen Leistungen sind die Gr\u00fcnde daf\u00fcr.<\/p>\n\n\n\n<p>Nach vier Semestern Singen im Chor erhalten Chordamen eine Sektschleife. Das ist eine Schleife in den Farben der Verbindung, die am Revers getragen wird. Damit d\u00fcrfen sie in Form der Schleife die Paulinerfarben tragen und repr\u00e4sentieren in gewisser Weise auch den Paulus. Nicht selten ergibt sich daraus eine lebenslange Verbundenheit, die von den Chordamen nicht weniger ernst genommen wird als das Lebensbundprinzip der M\u00e4nner.<\/p>\n\n\n<div class=\"wp-block-image\">\n<figure class=\"aligncenter size-full is-resized\"><img fetchpriority=\"high\" decoding=\"async\" width=\"1536\" height=\"2048\" src=\"https:\/\/www.paulus-mainz.de\/wp-content\/uploads\/2025\/07\/Chordamen_25_07_01.jpeg\" alt=\"\" class=\"wp-image-579\" style=\"width:486px;height:auto\" srcset=\"https:\/\/www.paulus-mainz.de\/wp-content\/uploads\/2025\/07\/Chordamen_25_07_01.jpeg 1536w, https:\/\/www.paulus-mainz.de\/wp-content\/uploads\/2025\/07\/Chordamen_25_07_01-768x1024.jpeg 768w, https:\/\/www.paulus-mainz.de\/wp-content\/uploads\/2025\/07\/Chordamen_25_07_01-1152x1536.jpeg 1152w\" sizes=\"(max-width: 1536px) 100vw, 1536px\" \/><\/figure><\/div>\n\n\n<p>So hat sich neben den traditionellen Gruppen Aktivitas und Alte Herren eine weitere Gruppe etabliert, die die \u201edritte S\u00e4ule\u201c des Paulus darstellt und zur harmonischen Zusammenarbeit, gelungenen Veranstaltungen und zum Bestehen des Paulus beitr\u00e4gt.<\/p>\n\n\n\n<p>Im Sommersemester 2019 gibt es rund 40 Pauliner-Chordamen.<\/p>\n\n\n<p><!--EndFragment--><\/p>\n<\/p>","protected":false},"excerpt":{"rendered":"<p>Da es sich bei den Paulinern um eine M\u00e4nnerverbindung handelt, k\u00f6nnte man annehmen, dass Damen hier keine Rolle spielen. Weit gefehlt! Um nicht nur auf M\u00e4nnerchorliteratur angewiesen zu sein und um die musikalische Leistung zu steigern, wurde der Paulinerchor im Wintersemester 1967\/68 probeweise zu einem gemischten Chor erweitert. Die Damen waren zun\u00e4chst Freundinnen, Verlobte oder&hellip;&nbsp;<a href=\"https:\/\/www.paulus-mainz.de\/?page_id=308\" rel=\"bookmark\">Weiterlesen &raquo;<span class=\"screen-reader-text\">Chordamen<\/span><\/a><\/p>\n","protected":false},"author":1,"featured_media":0,"parent":0,"menu_order":0,"comment_status":"closed","ping_status":"closed","template":"","meta":{"neve_meta_sidebar":"","neve_meta_container":"","neve_meta_enable_content_width":"","neve_meta_content_width":70,"neve_meta_title_alignment":"","neve_meta_author_avatar":"","neve_post_elements_order":"","neve_meta_disable_header":"","neve_meta_disable_footer":"","neve_meta_disable_title":"","footnotes":""},"class_list":["post-308","page","type-page","status-publish","hentry"],"_links":{"self":[{"href":"https:\/\/www.paulus-mainz.de\/index.php?rest_route=\/wp\/v2\/pages\/308","targetHints":{"allow":["GET"]}}],"collection":[{"href":"https:\/\/www.paulus-mainz.de\/index.php?rest_route=\/wp\/v2\/pages"}],"about":[{"href":"https:\/\/www.paulus-mainz.de\/index.php?rest_route=\/wp\/v2\/types\/page"}],"author":[{"embeddable":true,"href":"https:\/\/www.paulus-mainz.de\/index.php?rest_route=\/wp\/v2\/users\/1"}],"replies":[{"embeddable":true,"href":"https:\/\/www.paulus-mainz.de\/index.php?rest_route=%2Fwp%2Fv2%2Fcomments&post=308"}],"version-history":[{"count":4,"href":"https:\/\/www.paulus-mainz.de\/index.php?rest_route=\/wp\/v2\/pages\/308\/revisions"}],"predecessor-version":[{"id":580,"href":"https:\/\/www.paulus-mainz.de\/index.php?rest_route=\/wp\/v2\/pages\/308\/revisions\/580"}],"wp:attachment":[{"href":"https:\/\/www.paulus-mainz.de\/index.php?rest_route=%2Fwp%2Fv2%2Fmedia&parent=308"}],"curies":[{"name":"wp","href":"https:\/\/api.w.org\/{rel}","templated":true}]}}