{"id":3,"date":"2019-02-23T12:07:55","date_gmt":"2019-02-23T11:07:55","guid":{"rendered":"http:\/\/www.paulus-mainz.de\/?page_id=3"},"modified":"2025-07-09T17:44:47","modified_gmt":"2025-07-09T15:44:47","slug":"datenschutzerklaerung","status":"publish","type":"page","link":"https:\/\/www.paulus-mainz.de\/?page_id=3","title":{"rendered":"Datenschutzerkl\u00e4rung"},"content":{"rendered":"\n<p><strong>Haftung f\u00fcr Inhalte<\/strong><\/p>\n<p>Die Inhalte unserer Seiten wurden mit gr\u00f6\u00dfter Sorgfalt erstellt. F\u00fcr die Richtigkeit, Vollst\u00e4ndigkeit und Aktualit\u00e4t der Inhalte k\u00f6nnen wir jedoch keine Gew\u00e4hr \u00fcbernehmen. Als Diensteanbieter sind wir gem\u00e4\u00df \u00a7 7 Abs.1 TMG f\u00fcr eigene Inhalte auf diesen Seiten nach den allgemeinen Gesetzen verantwortlich. Nach \u00a7\u00a7 8 bis 10 TMG sind wir als Diensteanbieter jedoch nicht verpflichtet, \u00fcbermittelte oder gespeicherte fremde Informationen zu \u00fcberwachen oder nach Umst\u00e4nden zu forschen, die auf eine rechtswidrige T\u00e4tigkeit hinweisen. Verpflichtungen zur Entfernung oder Sperrung der Nutzung von Informationen nach den allgemeinen Gesetzen bleiben hiervon unber\u00fchrt. Eine diesbez\u00fcgliche Haftung ist jedoch erst ab dem Zeitpunkt der Kenntnis einer konkreten Rechtsverletzung m\u00f6glich. Bei Bekanntwerden von entsprechenden Rechtsverletzungen werden wir diese Inhalte umgehend entfernen.<\/p>\n<hr>\n<p><strong>Haftung f\u00fcr Links<\/strong><\/p>\n<p>Unser Angebot enth\u00e4lt Links zu externen Webseiten Dritter, auf deren Inhalte wir keinen Einfluss haben. Deshalb k\u00f6nnen wir f\u00fcr diese fremden Inhalte auch keine Gew\u00e4hr \u00fcbernehmen. F\u00fcr die Inhalte der verlinkten Seiten ist stets der jeweilige Anbieter oder Betreiber der Seiten verantwortlich. Die verlinkten Seiten wurden zum Zeitpunkt der Verlinkung auf m\u00f6gliche Rechtsverst\u00f6\u00dfe \u00fcberpr\u00fcft. Rechtswidrige Inhalte waren zum Zeitpunkt der Verlinkung nicht erkennbar. Eine permanente inhaltliche Kontrolle der verlinkten Seiten ist jedoch ohne konkrete Anhaltspunkte einer Rechtsverletzung nicht zumutbar. Bei Bekanntwerden von Rechtsverletzungen werden wir derartige Links umgehend entfernen.<\/p>\n<hr>\n<p><strong>Urheberrecht<\/strong><\/p>\n<p>Die durch die Seitenbetreiber erstellten Inhalte und Werke auf diesen Seiten unterliegen dem deutschen Urheberrecht. Die Vervielf\u00e4ltigung, Bearbeitung, Verbreitung und jede Art der Verwertung au\u00dferhalb der Grenzen des Urheberrechtes bed\u00fcrfen der schriftlichen Zustimmung des jeweiligen Autors bzw. Erstellers. Downloads und Kopien dieser Seite sind nur f\u00fcr den privaten, nicht kommerziellen Gebrauch gestattet. Soweit die Inhalte auf dieser Seite nicht vom Betreiber erstellt wurden, werden die Urheberrechte Dritter beachtet. Insbesondere werden Inhalte Dritter als solche gekennzeichnet. Sollten Sie trotzdem auf eine Urheberrechtsverletzung aufmerksam werden, bitten wir um einen entsprechenden Hinweis. Bei Bekanntwerden von Rechtsverletzungen werden wir derartige Inhalte umgehend entfernen.<\/p>\n<hr>\n<p><strong>Datenschutz<\/strong><\/p>\n<p> Der Verband der Alten Pauliner e.V. nimmt den Schutz personenbezogener Daten seiner Mitglieder und seiner Partner ernst; er hat durch technische und organisatorische Ma\u00dfnahmen sichergestellt, dass die gesetzlichen Vorschriften \u00fcber den Datenschutz sowohl von ihm als auch von externen Dienstleistern beachtet und eingehalten werden. Die Beachtung dieser Verpflichtung wird vom Verein regelm\u00e4\u00dfig kontrolliert. Die Erhebung, Verarbeitung, Nutzung und Weitergabe von Daten erfolgt zum einen mit Einverst\u00e4ndnis des Dateninhabers, andererseits ausschlie\u00dflich zum Zweck der Erf\u00fcllung der Pflichten des Vereins. Die Weitergabe an Dritte erfolgt nur aus zwingenden Gr\u00fcnden und im Interesse des Vereins. Das betroffene Vereinsmitglied hat jederzeit die M\u00f6glichkeit, sich \u00fcber die Verwendung und den Verbleib seiner gesch\u00fctzten Daten zu informieren; er hat Anspruch auf Dokumentation der Einhaltung datenschutzrechtlicher Bestimmungen in Bezug auf ihn. Er hat das Recht, jederzeit eine erteilte Einwilligung zu widerrufen und die L\u00f6schung seiner Daten zu verlangen, Art. 17 DS-GVO. <\/p>\n<p> Partner des Vereins und Dritte werden durch die Einhaltung der Datenschutzbestimmungen durch die Verantwortlichen des Vereins in gleicher Weise gesch\u00fctzt. Es findet kein Verkauf oder keine unentgeltliche Weitergabe von Daten Dritter oder Partner des Vereins statt, es sei denn, es l\u00e4ge eine entsprechende Einwilligung vor.<\/p>\n<p> Bei der Einschaltung externer Dienstleister, denen personenbezogene Daten zur Verf\u00fcgung gestellt werden m\u00fcssen, ist durch Abschluss eines entsprechenden Vertrages sichergestellt, dass die Datenschutzbestimmungen in gleicher Weise auch vom beauftragten Unternehmen eingehalten werden.<\/p>\n<p> Im Fall des Widerrufs oder der Anzeige von falsch erhobenen Daten werden diese sofort gel\u00f6scht, Art. 21, 18 DS-GVO. Auf das Beschwerderecht bei einer Datenschutzaufsichtsbeh\u00f6rde (Art. 77 DS-GVO i. V. m. \u00a7 19 BDSG) wird ausdr\u00fccklich hingewiesen. F\u00fcr uns zust\u00e4ndig ist der Landesbeauftragte f\u00fcr den Datenschutz und die Informationsfreiheit Rheinland-Pfalz; Hintere Bleiche 34, 55116 Mainz.<\/p>\n<p> F\u00fcr Datenschutz und Datenverarbeitung in unserem Verein Verantwortlich: Andreas Ambrosch, An der Krimm 19K, 55124 Mainz.<\/p>\n<hr>\n\n<strong><p>Was sind Cookies?<\/strong><\/p>\n<p>Cookies und \u00e4hnliche Technologien sind sehr kleine Textdokumente oder Codeteile, die oft einen eindeutigen Identifikationscode enthalten. Wenn Sie eine Website besuchen oder eine mobile Anwendung verwenden, bittet ein Computer Ihren Computer oder Ihr mobiles Ger\u00e4t um die Erlaubnis, diese Datei auf Ihrem Computer oder mobilen Ger\u00e4t zu speichern und Zugang zu Informationen zu erhalten. Informationen, die durch Cookies und \u00e4hnliche Technologien gesammelt werden, k\u00f6nnen das Datum und die Uhrzeit des Besuchs sowie die Art und Weise, wie Sie eine bestimmte Website oder mobile Anwendung nutzen, beinhalten.<\/p>\n<strong><p>Warum verwenden wir Cookies?<\/strong><\/p>\n<p>Cookies sorgen daf\u00fcr, dass Sie w\u00e4hrend Ihres Besuchs in unserem Online-Shop eingeloggt bleiben, alle Artikel in Ihrem Warenkorb gespeichert bleiben, Sie sicher einkaufen k\u00f6nnen und die Website weiterhin reibungslos funktioniert. Die Cookies stellen auch sicher, dass wir sehen k\u00f6nnen, wie unsere Website genutzt wird und wie wir sie verbessern k\u00f6nnen. Dar\u00fcber hinaus k\u00f6nnen je nach Ihren Pr\u00e4ferenzen unsere eigenen Cookies verwendet werden, um Ihnen gezielte Werbung zu pr\u00e4sentieren, die Ihren pers\u00f6nlichen Interessen entspricht.<\/p>\n\n<strong><p>Welche Art von Cookies gibt es?<\/strong><\/p>\n<p> Wir verwenden auf dieser Seite nur notwendige Cookies.<\/p>\n<strong><p>Notwendige Cookies<\/strong><\/p>\n<p>Diese Cookies sind notwendig, damit die Website ordnungsgem\u00e4\u00df funktioniert. Einige der folgenden Aktionen k\u00f6nnen mit diesen Cookies durchgef\u00fchrt werden.\n&#8211; Speichern Sie Artikel in einem Warenkorb f\u00fcr Online-K\u00e4ufe\n&#8211; Speichern Sie Ihre Cookie-Einstellungen f\u00fcr diese Website\n&#8211; Speichern von Spracheinstellungen\n&#8211; Melden Sie sich bei unserem Portal an. Wir m\u00fcssen \u00fcberpr\u00fcfen, ob du eingeloggt bist.<\/p>\n<strong><p>Performance Cookies<\/strong><\/p>\n<p>Diese Cookies werden verwendet, um statistische Informationen \u00fcber die Nutzung unserer Website zu sammeln, auch Analyse-Cookies genannt. Wir verwenden diese Daten zur Leistungssteigerung und Webseitenoptimierung.<\/p>\n<strong><p>Funktionale Cookies<\/strong><\/p>\n<p>Diese Cookies erm\u00f6glichen mehr Funktionalit\u00e4t f\u00fcr unsere Website-Besucher. Diese Cookies k\u00f6nnen von unseren externen Dienstleistern oder unserer eigenen Website gesetzt werden. Die folgenden Funktionalit\u00e4ten k\u00f6nnen aktiviert werden oder auch nicht, wenn Sie diese Kategorie akzeptieren.\n&#8211; Live-Chat-Dienste\n&#8211; Online-Videos ansehen\n&#8211; Social Media Sharing-Buttons\n&#8211; Melden Sie sich mit Social Media auf unserer Website an.<\/p>\n<strong><p>Werbung \/ Tracking Cookies<\/strong><\/p>\n<p>Diese Cookies werden von externen Werbepartnern gesetzt und dienen der Profilerstellung und Datenverfolgung \u00fcber mehrere Websites hinweg. Wenn Sie diese Cookies akzeptieren, k\u00f6nnen wir unsere Werbung auf anderen Websites basierend auf Ihrem Benutzerprofil und Ihren Pr\u00e4ferenzen anzeigen.<\/p>\n<p>Diese Cookies speichern auch Daten dar\u00fcber, wie viele Besucher unsere Werbung gesehen oder angeklickt haben, um Werbekampagnen zu optimieren.<\/p>\n<strong><p>Nicht klassifiziert<\/strong><\/p>\n<p>Diese Cookies befinden sich noch im Klassifizierungsprozess. Sie werden in einer der folgenden Kategorien angezeigt: Notwendig, Leistung, Funktional oder Werbung.<\/p>\n<strong><p>Wie kann ich Cookies ausschalten oder entfernen?<\/strong><\/p>\n<p>Sie k\u00f6nnen sich f\u00fcr alle au\u00dfer den notwendigen Cookies entscheiden. In den Einstellungen des Browsers k\u00f6nnen Sie die Einstellungen so \u00e4ndern, dass Cookies blockiert werden. In den meisten Browsern finden Sie in der sogenannten &#8222;Hilfe-Funktion&#8220; eine Erkl\u00e4rung, wie Sie dies tun k\u00f6nnen. Wenn Sie die Cookies jedoch blockieren, ist es m\u00f6glich, dass Sie nicht alle technischen Funktionen unserer Website nutzen k\u00f6nnen und dass dies negative Auswirkungen auf Ihr Nutzererlebnis haben kann.<p>\n<hr>\n<p><strong>Datenschutzerkl\u00e4rung f\u00fcr die Nutzung von Facebook-Plugins (Like-Button)<\/strong><\/p>\n<p>Auf unseren Seiten sind Plugins des sozialen Netzwerks Facebook, 1601 South California Avenue, Palo Alto, CA 94304, USA integriert. Die Facebook-Plugins erkennen Sie an dem Facebook-Logo oder dem &#8222;Like-Button&#8220; (&#8222;Gef\u00e4llt mir&#8220;) auf unserer Seite. Eine \u00dcbersicht \u00fcber die Facebook-Plugins finden Sie hier: <a href=\"http:\/\/developers.facebook.com\/docs\/plugins\/\" target=\"_blank\" rel=\"noopener noreferrer\">http:\/\/developers.facebook.com\/docs\/plugins\/<\/a>.<br> Wenn Sie unsere Seiten besuchen, wird \u00fcber das Plugin eine direkte Verbindung zwischen Ihrem Browser und dem Facebook-Server hergestellt. Facebook erh\u00e4lt dadurch die Information, dass Sie mit Ihrer IP-Adresse unsere Seite besucht haben. Wenn Sie den Facebook &#8222;Like-Button&#8220; anklicken w\u00e4hrend Sie in Ihrem Facebook-Account eingeloggt sind, k\u00f6nnen Sie die Inhalte unserer Seiten auf Ihrem Facebook-Profil verlinken. Dadurch kann Facebook den Besuch unserer Seiten Ihrem Benutzerkonto zuordnen. Wir weisen darauf hin, dass wir als Anbieter der Seiten keine Kenntnis vom Inhalt der \u00fcbermittelten Daten sowie deren Nutzung durch Facebook erhalten. Weitere Informationen hierzu finden Sie in der Datenschutzerkl\u00e4rung von facebook unter <a href=\"http:\/\/de-de.facebook.com\/policy.php\" target=\"_blank\" rel=\"noopener noreferrer\"> http:\/\/de-de.facebook.com\/policy.php<\/a><\/p>\n<p>Wenn Sie nicht w\u00fcnschen, dass Facebook den Besuch unserer Seiten Ihrem Facebook-Nutzerkonto zuordnen kann, loggen Sie sich bitte aus Ihrem Facebook-Benutzerkonto aus.<\/p>\n<hr>\n<p><strong>Datenschutzerkl\u00e4rung f\u00fcr die Nutzung von Twitter<\/strong><\/p>\n<p>Auf unseren Seiten sind Funktionen des Dienstes Twitter eingebunden. Diese Funktionen werden angeboten durch die Twitter Inc., 795 Folsom St., Suite 600, San Francisco, CA 94107, USA. Durch das Benutzen von Twitter und der Funktion &#8222;Re-Tweet&#8220; werden die von Ihnen besuchten Webseiten mit Ihrem Twitter-Account verkn\u00fcpft und anderen Nutzern bekannt gegeben. Dabei werden auch Daten an Twitter \u00fcbertragen.<\/p>\n<p>Wir weisen darauf hin, dass wir als Anbieter der Seiten keine Kenntnis vom Inhalt der \u00fcbermittelten Daten sowie deren Nutzung durch Twitter erhalten. Weitere Informationen hierzu finden Sie in der Datenschutzerkl\u00e4rung von Twitter unter <a href=\"http:\/\/twitter.com\/privacy\" target=\"_blank\" rel=\"noopener noreferrer\">http:\/\/twitter.com\/privacy<\/a>.<\/p>\n<p>Ihre Datenschutzeinstellungen bei Twitter k\u00f6nnen Sie in den Konto-Einstellungen unter <a href=\"http:\/\/twitter.com\/account\/settings\" target=\"_blank\" rel=\"noopener noreferrer\">http:\/\/twitter.com\/account\/settings<\/a> \u00e4ndern.<\/p>\n<hr>\n<p><strong>YouTube<\/strong><\/p>\n<p>Unsere Seite verwendet f\u00fcr die Einbindung von Videos den Anbieter YouTube LLC , 901 Cherry Avenue, San Bruno, CA 94066, USA, vertreten durch Google Inc., 1600 Amphitheatre Parkway, Mountain View, CA 94043, USA. Normalerweise wird bereits bei Aufruf einer Seite mit eingebetteten Videos Ihre IP-Adresse an YouTube gesendet und Cookies auf Ihrem Rechner installiert. Wir haben unsere YouTube-Videos jedoch mit dem erweiterten Datenschutzmodus eingebunden (in diesem Fall nimmt YouTube immer noch Kontakt zu dem Dienst Double Klick von Google auf, doch werden dabei laut der Datenschutzerkl\u00e4rung von Google personenbezogene Daten nicht ausgewertet). Dadurch werden von YouTube keine Informationen \u00fcber die Besucher mehr gespeichert, es sei denn, sie sehen sich das Video an. Wenn Sie das Video anklicken, wird Ihre IP-Adresse an YouTube \u00fcbermittelt und YouTube erf\u00e4hrt, dass Sie das Video angesehen haben. Sind Sie bei YouTube eingeloggt, wird diese Information auch Ihrem Benutzerkonto zugeordnet (dies k\u00f6nnen Sie verhindern, indem Sie sich vor dem Aufrufen des Videos bei YouTube ausloggen).<\/p>\n<p>Von der dann m\u00f6glichen Erhebung und Verwendung Ihrer Daten durch YouTube haben wir keine Kenntnis und darauf auch keinen Einfluss. N\u00e4here Informationen k\u00f6nnen Sie der Datenschutzerkl\u00e4rung von YouTube  unter <a href=\"https:\/\/www.google.de\/intl\/de\/policies\/privacy\/\" target=\"_blank\" rel=\"noopener noreferrer\">https:\/\/www.google.de\/intl\/de\/policies\/privacy\/<\/a> entnehmen. Zudem verweisen wir f\u00fcr den generellen Umgang mit und die Deaktivierung von Cookies auf unsere allgemeine Darstellung in dieser Datenschutzerkl\u00e4rung.<\/p>\n<hr>\n\n<p><i>Quellen: <a href=\"http:\/\/www.deutscher-chorverband.de\/service\/datenschutz\/\" target=\"_blank\" rel=\"noopener noreferrer\">Deutscher Chorverband <\/a>, <a href=\"http:\/\/www.e-recht24.de\/muster-disclaimer.htm\" target=\"_blank\" rel=\"noopener noreferrer\">Disclaimer eRecht24<\/a>, <a href=\"http:\/\/www.e-recht24.de\/artikel\/datenschutz\/6590-facebook-like-button-datenschutz-disclaimer.html\" target=\"_blank\" rel=\"noopener noreferrer\">Facebook Datenschutzerkl\u00e4rung<\/a>, <a href=\"http:\/\/twitter.com\/privacy\" target=\"_blank\" rel=\"noopener noreferrer\">Twitter Datenschutzerkl\u00e4rung<\/a><\/i><\/p>\n","protected":false},"excerpt":{"rendered":"<p>Haftung f\u00fcr Inhalte Die Inhalte unserer Seiten wurden mit gr\u00f6\u00dfter Sorgfalt erstellt. F\u00fcr die Richtigkeit, Vollst\u00e4ndigkeit und Aktualit\u00e4t der Inhalte k\u00f6nnen wir jedoch keine Gew\u00e4hr \u00fcbernehmen. Als Diensteanbieter sind wir gem\u00e4\u00df \u00a7 7 Abs.1 TMG f\u00fcr eigene Inhalte auf diesen Seiten nach den allgemeinen Gesetzen verantwortlich. Nach \u00a7\u00a7 8 bis 10 TMG sind wir als&hellip;&nbsp;<a href=\"https:\/\/www.paulus-mainz.de\/?page_id=3\" rel=\"bookmark\">Weiterlesen &raquo;<span class=\"screen-reader-text\">Datenschutzerkl\u00e4rung<\/span><\/a><\/p>\n","protected":false},"author":1,"featured_media":0,"parent":0,"menu_order":0,"comment_status":"closed","ping_status":"closed","template":"","meta":{"neve_meta_sidebar":"","neve_meta_container":"","neve_meta_enable_content_width":"off","neve_meta_content_width":0,"neve_meta_title_alignment":"","neve_meta_author_avatar":"","neve_post_elements_order":"","neve_meta_disable_header":"","neve_meta_disable_footer":"","neve_meta_disable_title":"","footnotes":""},"class_list":["post-3","page","type-page","status-publish","hentry"],"_links":{"self":[{"href":"https:\/\/www.paulus-mainz.de\/index.php?rest_route=\/wp\/v2\/pages\/3","targetHints":{"allow":["GET"]}}],"collection":[{"href":"https:\/\/www.paulus-mainz.de\/index.php?rest_route=\/wp\/v2\/pages"}],"about":[{"href":"https:\/\/www.paulus-mainz.de\/index.php?rest_route=\/wp\/v2\/types\/page"}],"author":[{"embeddable":true,"href":"https:\/\/www.paulus-mainz.de\/index.php?rest_route=\/wp\/v2\/users\/1"}],"replies":[{"embeddable":true,"href":"https:\/\/www.paulus-mainz.de\/index.php?rest_route=%2Fwp%2Fv2%2Fcomments&post=3"}],"version-history":[{"count":11,"href":"https:\/\/www.paulus-mainz.de\/index.php?rest_route=\/wp\/v2\/pages\/3\/revisions"}],"predecessor-version":[{"id":587,"href":"https:\/\/www.paulus-mainz.de\/index.php?rest_route=\/wp\/v2\/pages\/3\/revisions\/587"}],"wp:attachment":[{"href":"https:\/\/www.paulus-mainz.de\/index.php?rest_route=%2Fwp%2Fv2%2Fmedia&parent=3"}],"curies":[{"name":"wp","href":"https:\/\/api.w.org\/{rel}","templated":true}]}}