{"id":238,"date":"2019-02-23T17:50:20","date_gmt":"2019-02-23T16:50:20","guid":{"rendered":"https:\/\/localhost\/WP\/?page_id=238"},"modified":"2025-06-05T17:12:02","modified_gmt":"2025-06-05T15:12:02","slug":"wohnen-im-paulus","status":"publish","type":"page","link":"https:\/\/www.paulus-mainz.de\/?page_id=238","title":{"rendered":"Paulinerheim"},"content":{"rendered":"<\/p>\n<p><!--StartFragment--><\/p>\n\n\n<hr class=\"wp-block-separator has-css-opacity\"\/>\n\n\n\n<figure class=\"wp-block-gallery has-nested-images columns-default is-cropped wp-block-gallery-1 is-layout-flex wp-block-gallery-is-layout-flex\">\n<figure class=\"wp-block-image size-large\"><img fetchpriority=\"high\" decoding=\"async\" width=\"2048\" height=\"1278\" data-id=\"554\" src=\"https:\/\/www.paulus-mainz.de\/wp-content\/uploads\/2025\/06\/Paulinerhaus-2025_003-1.jpg\" alt=\"\" class=\"wp-image-554\" srcset=\"https:\/\/www.paulus-mainz.de\/wp-content\/uploads\/2025\/06\/Paulinerhaus-2025_003-1.jpg 2048w, https:\/\/www.paulus-mainz.de\/wp-content\/uploads\/2025\/06\/Paulinerhaus-2025_003-1-1024x639.jpg 1024w, https:\/\/www.paulus-mainz.de\/wp-content\/uploads\/2025\/06\/Paulinerhaus-2025_003-1-768x479.jpg 768w, https:\/\/www.paulus-mainz.de\/wp-content\/uploads\/2025\/06\/Paulinerhaus-2025_003-1-1536x959.jpg 1536w\" sizes=\"(max-width: 2048px) 100vw, 2048px\" \/><\/figure>\n\n\n\n<figure class=\"wp-block-image size-large\"><img decoding=\"async\" width=\"2048\" height=\"1365\" data-id=\"555\" src=\"https:\/\/www.paulus-mainz.de\/wp-content\/uploads\/2025\/06\/Paulinerhaus-2025_001-1.jpg\" alt=\"\" class=\"wp-image-555\" srcset=\"https:\/\/www.paulus-mainz.de\/wp-content\/uploads\/2025\/06\/Paulinerhaus-2025_001-1.jpg 2048w, https:\/\/www.paulus-mainz.de\/wp-content\/uploads\/2025\/06\/Paulinerhaus-2025_001-1-1024x683.jpg 1024w, https:\/\/www.paulus-mainz.de\/wp-content\/uploads\/2025\/06\/Paulinerhaus-2025_001-1-768x512.jpg 768w, https:\/\/www.paulus-mainz.de\/wp-content\/uploads\/2025\/06\/Paulinerhaus-2025_001-1-1536x1024.jpg 1536w, https:\/\/www.paulus-mainz.de\/wp-content\/uploads\/2025\/06\/Paulinerhaus-2025_001-1-930x620.jpg 930w\" sizes=\"(max-width: 2048px) 100vw, 2048px\" \/><\/figure>\n<\/figure>\n\n\n\n<p>Das neue Paulinerheim<\/p>\n\n\n\n<hr class=\"wp-block-separator has-css-opacity\"\/>\n\n\n\n<h3 class=\"wp-block-heading\">Das Verbindungshaus am Gro\u00dfen Sand<\/h3>\n\n\n\n<p>Seit \u00fcber f\u00fcnfzig Jahren ist das Paulinerheim in Mainz-Gonsenheim die Heimst\u00e4tte der S\u00e4ngerschaft. 14 Zimmer hatte das alte Haus. Hinzu kommen ein gro\u00dfer Veranstaltungssaal, ein kleiner Konferenzraum und ein Partykeller, der von den Mitgliedern der Verbindung h\u00e4ufig auch f\u00fcr private Feiern genutzt wird. Im gro\u00dfen Garten l\u00e4sst sich insbesondere im Sommer hervorragend entspannen, aber auch lernen, oder &#8211; um den gro\u00dfen Grill sitzend &#8211; \u00fcber Gott und die Welt reden. Man kann es sich richtig gut gehen lassen.<\/p>\n\n\n\n<p>W\u00e4hrend ein gro\u00dfer Teil des (teils wenig genutzten) Gartens weicht, wird mit dem Neubau die Zahl der Studentenzimmer auf 20 erh\u00f6ht und es entstehen neue R\u00e4umlichkeiten f\u00fcr Chorproben, Veranstaltungen sowie eine Band. Mit dem Neubau wird die alte Bausubstanz ersetzt um dem Haus eine bl\u00fchende Zukunft zu erm\u00f6glichen.<\/p>\n\n\n<p><!--EndFragment--><\/p>\n<\/p>","protected":false},"excerpt":{"rendered":"<p>Das neue Paulinerheim Das Verbindungshaus am Gro\u00dfen Sand Seit \u00fcber f\u00fcnfzig Jahren ist das Paulinerheim in Mainz-Gonsenheim die Heimst\u00e4tte der S\u00e4ngerschaft. 14 Zimmer hatte das alte Haus. Hinzu kommen ein gro\u00dfer Veranstaltungssaal, ein kleiner Konferenzraum und ein Partykeller, der von den Mitgliedern der Verbindung h\u00e4ufig auch f\u00fcr private Feiern genutzt wird. Im gro\u00dfen Garten l\u00e4sst&hellip;&nbsp;<a href=\"https:\/\/www.paulus-mainz.de\/?page_id=238\" rel=\"bookmark\">Weiterlesen &raquo;<span class=\"screen-reader-text\">Paulinerheim<\/span><\/a><\/p>\n","protected":false},"author":1,"featured_media":0,"parent":0,"menu_order":0,"comment_status":"closed","ping_status":"closed","template":"","meta":{"neve_meta_sidebar":"","neve_meta_container":"","neve_meta_enable_content_width":"","neve_meta_content_width":70,"neve_meta_title_alignment":"","neve_meta_author_avatar":"","neve_post_elements_order":"","neve_meta_disable_header":"","neve_meta_disable_footer":"","neve_meta_disable_title":"","footnotes":""},"class_list":["post-238","page","type-page","status-publish","hentry"],"_links":{"self":[{"href":"https:\/\/www.paulus-mainz.de\/index.php?rest_route=\/wp\/v2\/pages\/238","targetHints":{"allow":["GET"]}}],"collection":[{"href":"https:\/\/www.paulus-mainz.de\/index.php?rest_route=\/wp\/v2\/pages"}],"about":[{"href":"https:\/\/www.paulus-mainz.de\/index.php?rest_route=\/wp\/v2\/types\/page"}],"author":[{"embeddable":true,"href":"https:\/\/www.paulus-mainz.de\/index.php?rest_route=\/wp\/v2\/users\/1"}],"replies":[{"embeddable":true,"href":"https:\/\/www.paulus-mainz.de\/index.php?rest_route=%2Fwp%2Fv2%2Fcomments&post=238"}],"version-history":[{"count":5,"href":"https:\/\/www.paulus-mainz.de\/index.php?rest_route=\/wp\/v2\/pages\/238\/revisions"}],"predecessor-version":[{"id":556,"href":"https:\/\/www.paulus-mainz.de\/index.php?rest_route=\/wp\/v2\/pages\/238\/revisions\/556"}],"wp:attachment":[{"href":"https:\/\/www.paulus-mainz.de\/index.php?rest_route=%2Fwp%2Fv2%2Fmedia&parent=238"}],"curies":[{"name":"wp","href":"https:\/\/api.w.org\/{rel}","templated":true}]}}