{"id":119,"date":"2019-02-23T14:04:03","date_gmt":"2019-02-23T13:04:03","guid":{"rendered":"https:\/\/localhost\/WP\/?page_id=119"},"modified":"2025-05-19T17:13:23","modified_gmt":"2025-05-19T15:13:23","slug":"foerderverein-paulinerchor","status":"publish","type":"page","link":"https:\/\/www.paulus-mainz.de\/?page_id=119","title":{"rendered":"F\u00f6rderverein Paulinerchor Mainz-Gonsenheim"},"content":{"rendered":"\n<p>Der\nF\u00f6rderverein Paulinerchor Mainz-Gonsenheim besteht seit dem 1. Januar 2019 und\nist damit das j\u00fcngste Mitglied in der Paulinerfamilie.&nbsp; Er wurde gegr\u00fcndet, um den Paulinerchor in\nseinen ambitionierten musikalischen Zielen&nbsp;\nfinanziell, aber auch ideell und organisatorisch zu unterst\u00fctzen. So\nm\u00f6chte er den Chor in Gonsenheim und auch dar\u00fcber hinaus bekannter machen und\nvernetzen, er f\u00f6rdert seine Konzertt\u00e4tigkeit und bewirbt diese. Der\nF\u00f6rderverein ist ein eingetragener Verein, alle Spenden an ihn k\u00f6nnen\nsteuerlich abgesetzt werden.<\/p>\n\n\n\n<p>Die\nMitglieder des F\u00f6rdervereins kommen bisher mehrheitlich aus der\nUniversit\u00e4tss\u00e4ngerschaft zu St. Pauli, aber jeder, der den Chor kennt, seine\nMusik liebt und f\u00f6rdern m\u00f6chte, ist bei uns willkommen.<\/p>\n\n\n<div class=\"wp-block-image\">\n<figure class=\"alignleft is-resized\"><img fetchpriority=\"high\" decoding=\"async\" width=\"724\" height=\"1024\" src=\"https:\/\/www.paulus-mainz.de\/wp-content\/uploads\/2019\/08\/Logo_F\u00f6rderverein-724x1024.jpg\" alt=\"\" class=\"wp-image-380\" style=\"width:181px;height:256px\" srcset=\"https:\/\/www.paulus-mainz.de\/wp-content\/uploads\/2019\/08\/Logo_F\u00f6rderverein-724x1024.jpg 724w, https:\/\/www.paulus-mainz.de\/wp-content\/uploads\/2019\/08\/Logo_F\u00f6rderverein-768x1086.jpg 768w\" sizes=\"(max-width: 724px) 100vw, 724px\" \/><\/figure><\/div>\n\n\n<p><strong>Vorstand: Johannes Kluth, Thorsten Papke, Wolfgang Weber<\/strong><\/p>\n\n\n\n<p><em>Kontaktdaten: <\/em><br>Johannes Kluth,<br>E-Mail: <a href=\"mailto:foerderverein-paulus-mainz@gmx.de\">foerderverein-paulus-mainz@gmx.de<\/a><br>Konto: IBAN DE44 5519 0000 0972 1590 24<\/p>\n","protected":false},"excerpt":{"rendered":"<p>Der F\u00f6rderverein Paulinerchor Mainz-Gonsenheim besteht seit dem 1. Januar 2019 und ist damit das j\u00fcngste Mitglied in der Paulinerfamilie.&nbsp; Er wurde gegr\u00fcndet, um den Paulinerchor in seinen ambitionierten musikalischen Zielen&nbsp; finanziell, aber auch ideell und organisatorisch zu unterst\u00fctzen. So m\u00f6chte er den Chor in Gonsenheim und auch dar\u00fcber hinaus bekannter machen und vernetzen, er f\u00f6rdert&hellip;&nbsp;<a href=\"https:\/\/www.paulus-mainz.de\/?page_id=119\" rel=\"bookmark\">Weiterlesen &raquo;<span class=\"screen-reader-text\">F\u00f6rderverein Paulinerchor Mainz-Gonsenheim<\/span><\/a><\/p>\n","protected":false},"author":1,"featured_media":0,"parent":0,"menu_order":0,"comment_status":"closed","ping_status":"closed","template":"","meta":{"neve_meta_sidebar":"","neve_meta_container":"","neve_meta_enable_content_width":"","neve_meta_content_width":70,"neve_meta_title_alignment":"","neve_meta_author_avatar":"","neve_post_elements_order":"","neve_meta_disable_header":"","neve_meta_disable_footer":"","neve_meta_disable_title":"","footnotes":""},"class_list":["post-119","page","type-page","status-publish","hentry"],"_links":{"self":[{"href":"https:\/\/www.paulus-mainz.de\/index.php?rest_route=\/wp\/v2\/pages\/119","targetHints":{"allow":["GET"]}}],"collection":[{"href":"https:\/\/www.paulus-mainz.de\/index.php?rest_route=\/wp\/v2\/pages"}],"about":[{"href":"https:\/\/www.paulus-mainz.de\/index.php?rest_route=\/wp\/v2\/types\/page"}],"author":[{"embeddable":true,"href":"https:\/\/www.paulus-mainz.de\/index.php?rest_route=\/wp\/v2\/users\/1"}],"replies":[{"embeddable":true,"href":"https:\/\/www.paulus-mainz.de\/index.php?rest_route=%2Fwp%2Fv2%2Fcomments&post=119"}],"version-history":[{"count":7,"href":"https:\/\/www.paulus-mainz.de\/index.php?rest_route=\/wp\/v2\/pages\/119\/revisions"}],"predecessor-version":[{"id":541,"href":"https:\/\/www.paulus-mainz.de\/index.php?rest_route=\/wp\/v2\/pages\/119\/revisions\/541"}],"wp:attachment":[{"href":"https:\/\/www.paulus-mainz.de\/index.php?rest_route=%2Fwp%2Fv2%2Fmedia&parent=119"}],"curies":[{"name":"wp","href":"https:\/\/api.w.org\/{rel}","templated":true}]}}